{"id":408,"date":"2024-03-16T12:44:04","date_gmt":"2024-03-16T12:44:04","guid":{"rendered":"https:\/\/www.mindtobody.ch\/?page_id=408"},"modified":"2024-03-28T20:50:35","modified_gmt":"2024-03-28T20:50:35","slug":"kalorienrechner","status":"publish","type":"page","link":"https:\/\/www.mindtobody.ch\/?page_id=408","title":{"rendered":"Kalorienrechner"},"content":{"rendered":"<p>Der Grundumsatz und der Leistungsumsatz sind zwei wichtige Konzepte im Bereich der Ern\u00e4hrung und des Energieverbrauchs des K\u00f6rpers. Der Grundumsatz bezeichnet die Energiemenge, die der K\u00f6rper ben\u00f6tigt, um in Ruhe seine lebenswichtigen Funktionen aufrechtzuerhalten, wie z. B. die Atmung und den Herzschlag. Er wird haupts\u00e4chlich von Faktoren wie Alter, Geschlecht, K\u00f6rpergr\u00f6\u00dfe und -gewicht bestimmt. Der Leistungsumsatz hingegen beschreibt die zus\u00e4tzliche Energiemenge, die der K\u00f6rper durch Aktivit\u00e4ten wie Sport, Arbeit oder Alltagsbewegungen verbraucht. Zusammen ergeben Grundumsatz und Leistungsumsatz den Gesamtenergiebedarf des K\u00f6rpers, der f\u00fcr die richtige Ern\u00e4hrungsplanung und -bilanzierung entscheidend ist.<br \/>\nDies sind Richtwerte, es gibt viele weitere Faktoren die f\u00fcr den Leistungsumsatz relevant sind.<\/p>\n<p><iframe loading=\"lazy\" src=\"https:\/\/www.mindtobody.ch\/palcalc\/index.html\" width=\"800px\" height=\"1120px\" frameborder=\"0\"><\/iframe><\/p>\n","protected":false},"excerpt":{"rendered":"<p>Der Grundumsatz und der Leistungsumsatz sind zwei wichtige Konzepte im Bereich der Ern\u00e4hrung und des Energieverbrauchs des K\u00f6rpers. Der Grundumsatz bezeichnet die Energiemenge, die der K\u00f6rper ben\u00f6tigt, um in Ruhe seine lebenswichtigen Funktionen aufrechtzuerhalten, wie z. B. die Atmung und den Herzschlag. Er wird haupts\u00e4chlich von Faktoren wie Alter, Geschlecht, K\u00f6rpergr\u00f6\u00dfe und -gewicht bestimmt. Der &hellip; <\/p>\n","protected":false},"author":1,"featured_media":0,"parent":0,"menu_order":0,"comment_status":"closed","ping_status":"closed","template":"","meta":{"footnotes":""},"jetpack_sharing_enabled":true,"yoast_head":"<!-- This site is optimized with the Yoast SEO plugin v15.5 - https:\/\/yoast.com\/wordpress\/plugins\/seo\/ -->\r\n<title>Kalorienrechner - Mind to Body<\/title>\r\n<meta name=\"robots\" content=\"index, follow, max-snippet:-1, max-image-preview:large, max-video-preview:-1\" \/>\r\n<link rel=\"canonical\" href=\"https:\/\/www.mindtobody.ch\/?page_id=408\" \/>\r\n<meta property=\"og:locale\" content=\"de_DE\" \/>\r\n<meta property=\"og:type\" content=\"article\" \/>\r\n<meta property=\"og:title\" content=\"Kalorienrechner - Mind to Body\" \/>\r\n<meta property=\"og:description\" content=\"Der Grundumsatz und der Leistungsumsatz sind zwei wichtige Konzepte im Bereich der Ern\u00e4hrung und des Energieverbrauchs des K\u00f6rpers. Der Grundumsatz bezeichnet die Energiemenge, die der K\u00f6rper ben\u00f6tigt, um in Ruhe seine lebenswichtigen Funktionen aufrechtzuerhalten, wie z. B. die Atmung und den Herzschlag. Er wird haupts\u00e4chlich von Faktoren wie Alter, Geschlecht, K\u00f6rpergr\u00f6\u00dfe und -gewicht bestimmt. Der &hellip;\" \/>\r\n<meta property=\"og:url\" content=\"https:\/\/www.mindtobody.ch\/?page_id=408\" \/>\r\n<meta property=\"og:site_name\" content=\"Mind to Body\" \/>\r\n<meta property=\"article:modified_time\" content=\"2024-03-28T20:50:35+00:00\" \/>\r\n<meta name=\"twitter:card\" content=\"summary_large_image\" \/>\r\n<meta name=\"twitter:label1\" content=\"Gesch\u00e4tzte Lesezeit\">\n\t<meta name=\"twitter:data1\" content=\"0\u00a0Minuten\">\r\n<script type=\"application\/ld+json\" class=\"yoast-schema-graph\">{\"@context\":\"https:\/\/schema.org\",\"@graph\":[{\"@type\":\"WebSite\",\"@id\":\"https:\/\/www.mindtobody.ch\/#website\",\"url\":\"https:\/\/www.mindtobody.ch\/\",\"name\":\"Mind to Body\",\"description\":\"Ern\\u00e4hrungs-Psychologische Beratung\",\"potentialAction\":[{\"@type\":\"SearchAction\",\"target\":\"https:\/\/www.mindtobody.ch\/?s={search_term_string}\",\"query-input\":\"required name=search_term_string\"}],\"inLanguage\":\"de\"},{\"@type\":\"WebPage\",\"@id\":\"https:\/\/www.mindtobody.ch\/?page_id=408#webpage\",\"url\":\"https:\/\/www.mindtobody.ch\/?page_id=408\",\"name\":\"Kalorienrechner - Mind to Body\",\"isPartOf\":{\"@id\":\"https:\/\/www.mindtobody.ch\/#website\"},\"datePublished\":\"2024-03-16T12:44:04+00:00\",\"dateModified\":\"2024-03-28T20:50:35+00:00\",\"inLanguage\":\"de\",\"potentialAction\":[{\"@type\":\"ReadAction\",\"target\":[\"https:\/\/www.mindtobody.ch\/?page_id=408\"]}]}]}<\/script>\r\n<!-- \/ Yoast SEO plugin. -->","_links":{"self":[{"href":"https:\/\/www.mindtobody.ch\/index.php?rest_route=\/wp\/v2\/pages\/408"}],"collection":[{"href":"https:\/\/www.mindtobody.ch\/index.php?rest_route=\/wp\/v2\/pages"}],"about":[{"href":"https:\/\/www.mindtobody.ch\/index.php?rest_route=\/wp\/v2\/types\/page"}],"author":[{"embeddable":true,"href":"https:\/\/www.mindtobody.ch\/index.php?rest_route=\/wp\/v2\/users\/1"}],"replies":[{"embeddable":true,"href":"https:\/\/www.mindtobody.ch\/index.php?rest_route=%2Fwp%2Fv2%2Fcomments&post=408"}],"version-history":[{"count":13,"href":"https:\/\/www.mindtobody.ch\/index.php?rest_route=\/wp\/v2\/pages\/408\/revisions"}],"predecessor-version":[{"id":424,"href":"https:\/\/www.mindtobody.ch\/index.php?rest_route=\/wp\/v2\/pages\/408\/revisions\/424"}],"wp:attachment":[{"href":"https:\/\/www.mindtobody.ch\/index.php?rest_route=%2Fwp%2Fv2%2Fmedia&parent=408"}],"curies":[{"name":"wp","href":"https:\/\/api.w.org\/{rel}","templated":true}]}}