{"id":35,"date":"2021-01-05T13:26:49","date_gmt":"2021-01-05T13:26:49","guid":{"rendered":"https:\/\/www.mindtobody.ch\/?page_id=35"},"modified":"2022-01-26T22:13:24","modified_gmt":"2022-01-26T22:13:24","slug":"kontakt","status":"publish","type":"page","link":"https:\/\/www.mindtobody.ch\/?page_id=35","title":{"rendered":"Kontakt"},"content":{"rendered":"<p>Mir ist es sehr wichtig, dass Sie sich wohl und aufgehoben f\u00fchlen. Gerne biete ich Ihnen kostenlos ein unverbindliches, 15 min\u00fctiges Kennenlern-Gespr\u00e4ch an und beantworte dabei Ihre Fragen zur ganzheitlichen Ern\u00e4hrungsberatung. Ich bin direkt per Telefon und Mail oder via nachfolgendem Kontaktformular erreichbar.<\/p>\n<div class=\"impressum__imprint-container\"><dl><dt>Name<\/dt><dd>Miriam R\u00f6\u00f6sli<\/dd><\/dl><dl><dt>Adresse<\/dt><dd>Hubelweg 16<br \/>\r\n4802 Strengelbach<\/dd><\/dl><dl><dt>E-Mail-Adresse<\/dt><dd><a href=\"mailto:info@mindtobody.ch\">info@mindtobody.ch<\/a><\/dd><\/dl><dl><dt>Telefon<\/dt><dd>+41 76 767 15 15<\/dd><\/dl><\/div>\n<h3>Kontakt-Formular<\/h3>\n<div role=\"form\" class=\"wpcf7\" id=\"wpcf7-f4-o1\" lang=\"de-DE\" dir=\"ltr\">\n<div class=\"screen-reader-response\"><p role=\"status\" aria-live=\"polite\" aria-atomic=\"true\"><\/p> <ul><\/ul><\/div>\n<form action=\"\/index.php?rest_route=%2Fwp%2Fv2%2Fpages%2F35#wpcf7-f4-o1\" method=\"post\" class=\"wpcf7-form init\" novalidate=\"novalidate\" data-status=\"init\">\n<div style=\"display: none;\">\n<input type=\"hidden\" name=\"_wpcf7\" value=\"4\" \/>\n<input type=\"hidden\" name=\"_wpcf7_version\" value=\"5.3.2\" \/>\n<input type=\"hidden\" name=\"_wpcf7_locale\" value=\"de_DE\" \/>\n<input type=\"hidden\" name=\"_wpcf7_unit_tag\" value=\"wpcf7-f4-o1\" \/>\n<input type=\"hidden\" name=\"_wpcf7_container_post\" value=\"0\" \/>\n<input type=\"hidden\" name=\"_wpcf7_posted_data_hash\" value=\"\" \/>\n<\/div>\n<p><label> Name<br \/>\n    <span class=\"wpcf7-form-control-wrap your-name\"><input type=\"text\" name=\"your-name\" value=\"\" size=\"40\" class=\"wpcf7-form-control wpcf7-text wpcf7-validates-as-required\" aria-required=\"true\" aria-invalid=\"false\" \/><\/span> <\/label><\/p>\n<p><label> E-Mail<br \/>\n    <span class=\"wpcf7-form-control-wrap your-email\"><input type=\"email\" name=\"your-email\" value=\"\" size=\"40\" class=\"wpcf7-form-control wpcf7-text wpcf7-email wpcf7-validates-as-required wpcf7-validates-as-email\" aria-required=\"true\" aria-invalid=\"false\" \/><\/span> <\/label><\/p>\n<p><label> Betreff<br \/>\n    <span class=\"wpcf7-form-control-wrap your-subject\"><input type=\"text\" name=\"your-subject\" value=\"\" size=\"40\" class=\"wpcf7-form-control wpcf7-text wpcf7-validates-as-required\" aria-required=\"true\" aria-invalid=\"false\" \/><\/span> <\/label><\/p>\n<p><label> Mitteilung (optional)<br \/>\n    <span class=\"wpcf7-form-control-wrap your-message\"><textarea name=\"your-message\" cols=\"40\" rows=\"10\" class=\"wpcf7-form-control wpcf7-textarea\" aria-invalid=\"false\"><\/textarea><\/span> <\/label><\/p>\n<p><span class=\"wpcf7-form-control-wrap kc_captcha\"><span class=\"wpcf7-form-control wpcf7-radio\"> \n    <span class=\"captcha-image\" >\n        <span class=\"cf7ic_instructions\">Bitte beweise, dass du kein Spambot bist und w\u00e4hle das Symbol<span> Haus<\/span> aus.<\/span><label><input type=\"radio\" name=\"kc_captcha\" value=\"bot\" \/><svg width=\"50\" height=\"50\" aria-hidden=\"true\" role=\"img\" xmlns=\"https:\/\/www.w3.org\/2000\/svg\" viewBox=\"0 0 576 512\"><path fill=\"currentColor\" d=\"M415 24c-53 0-103 42-127 65-24-23-74-65-127-65C70 24 16 77 16 166c0 72 67 133 69 135l187 181c9 8 23 8 32 0l187-180c2-3 69-64 69-136 0-89-54-142-145-142z\"\/><\/svg><\/label><label><input type=\"radio\" name=\"kc_captcha\" value=\"kc_human\" \/><svg width=\"50\" height=\"50\" aria-hidden=\"true\" role=\"img\" xmlns=\"https:\/\/www.w3.org\/2000\/svg\" viewBox=\"0 0 576 512\"><path fill=\"currentColor\" d=\"M488 313v143c0 13-11 24-24 24H348c-7 0-12-5-12-12V356c0-7-5-12-12-12h-72c-7 0-12 5-12 12v112c0 7-5 12-12 12H112c-13 0-24-11-24-24V313c0-4 2-7 4-10l188-154c5-4 11-4 16 0l188 154c2 3 4 6 4 10zm84-61l-84-69V44c0-6-5-12-12-12h-56c-7 0-12 6-12 12v73l-89-74a48 48 0 00-61 0L4 252c-5 4-5 12-1 17l25 31c5 5 12 5 17 1l235-193c5-4 11-4 16 0l235 193c5 5 13 4 17-1l25-31c4-6 4-13-1-17z\"\/><\/svg><\/label><label><input type=\"radio\" name=\"kc_captcha\" value=\"bot\" \/><svg width=\"50\" height=\"50\" aria-hidden=\"true\" role=\"img\" xmlns=\"https:\/\/www.w3.org\/2000\/svg\" viewBox=\"0 0 512 512\"><path fill=\"currentColor\" d=\"M500 168h-55l-8-21a127 127 0 00-120-83H195a127 127 0 00-120 83l-8 21H12c-8 0-14 8-11 16l8 24a12 12 0 0011 8h29a64 64 0 00-33 56v48c0 16 6 31 16 42v62c0 13 11 24 24 24h48c13 0 24-11 24-24v-40h256v40c0 13 11 24 24 24h48c13 0 24-11 24-24v-62c10-11 16-26 16-42v-48c0-24-13-45-33-56h29a12 12 0 0011-8l8-24c3-8-3-16-11-16zm-365 2c9-25 33-42 60-42h122c27 0 51 17 60 42l15 38H120l15-38zM88 328a32 32 0 010-64c18 0 48 30 48 48s-30 16-48 16zm336 0c-18 0-48 2-48-16s30-48 48-48 32 14 32 32-14 32-32 32z\"\/><\/svg><\/label>\n    <\/span>\n    <span style=\"display:none\">\n        <input type=\"text\" name=\"kc_honeypot\">\n    <\/span><\/span><\/span><\/p>\n<p><input type=\"submit\" value=\"Senden\" class=\"wpcf7-form-control wpcf7-submit\" \/><\/p>\n<div class=\"wpcf7-response-output\" aria-hidden=\"true\"><\/div><\/form><\/div>\n","protected":false},"excerpt":{"rendered":"<p>Mir ist es sehr wichtig, dass Sie sich wohl und aufgehoben f\u00fchlen. Gerne biete ich Ihnen kostenlos ein unverbindliches, 15 min\u00fctiges Kennenlern-Gespr\u00e4ch an und beantworte dabei Ihre Fragen zur ganzheitlichen Ern\u00e4hrungsberatung. Ich bin direkt per Telefon und Mail oder via nachfolgendem Kontaktformular erreichbar. Kontakt-Formular<\/p>\n","protected":false},"author":1,"featured_media":0,"parent":0,"menu_order":0,"comment_status":"closed","ping_status":"closed","template":"","meta":{"footnotes":""},"jetpack_sharing_enabled":true,"yoast_head":"<!-- This site is optimized with the Yoast SEO plugin v15.5 - https:\/\/yoast.com\/wordpress\/plugins\/seo\/ -->\r\n<title>Kontakt - Mind to Body<\/title>\r\n<meta name=\"robots\" content=\"index, follow, max-snippet:-1, max-image-preview:large, max-video-preview:-1\" \/>\r\n<link rel=\"canonical\" href=\"https:\/\/www.mindtobody.ch\/?page_id=35\" \/>\r\n<meta property=\"og:locale\" content=\"de_DE\" \/>\r\n<meta property=\"og:type\" content=\"article\" \/>\r\n<meta property=\"og:title\" content=\"Kontakt - Mind to Body\" \/>\r\n<meta property=\"og:description\" content=\"Mir ist es sehr wichtig, dass Sie sich wohl und aufgehoben f\u00fchlen. Gerne biete ich Ihnen kostenlos ein unverbindliches, 15 min\u00fctiges Kennenlern-Gespr\u00e4ch an und beantworte dabei Ihre Fragen zur ganzheitlichen Ern\u00e4hrungsberatung. Ich bin direkt per Telefon und Mail oder via nachfolgendem Kontaktformular erreichbar. Kontakt-Formular\" \/>\r\n<meta property=\"og:url\" content=\"https:\/\/www.mindtobody.ch\/?page_id=35\" \/>\r\n<meta property=\"og:site_name\" content=\"Mind to Body\" \/>\r\n<meta property=\"article:modified_time\" content=\"2022-01-26T22:13:24+00:00\" \/>\r\n<meta name=\"twitter:card\" content=\"summary_large_image\" \/>\r\n<meta name=\"twitter:label1\" content=\"Gesch\u00e4tzte Lesezeit\">\n\t<meta name=\"twitter:data1\" content=\"0\u00a0Minuten\">\r\n<script type=\"application\/ld+json\" class=\"yoast-schema-graph\">{\"@context\":\"https:\/\/schema.org\",\"@graph\":[{\"@type\":\"WebSite\",\"@id\":\"https:\/\/www.mindtobody.ch\/#website\",\"url\":\"https:\/\/www.mindtobody.ch\/\",\"name\":\"Mind to Body\",\"description\":\"Ern\\u00e4hrungs-Psychologische Beratung\",\"potentialAction\":[{\"@type\":\"SearchAction\",\"target\":\"https:\/\/www.mindtobody.ch\/?s={search_term_string}\",\"query-input\":\"required name=search_term_string\"}],\"inLanguage\":\"de\"},{\"@type\":\"WebPage\",\"@id\":\"https:\/\/www.mindtobody.ch\/?page_id=35#webpage\",\"url\":\"https:\/\/www.mindtobody.ch\/?page_id=35\",\"name\":\"Kontakt - Mind to Body\",\"isPartOf\":{\"@id\":\"https:\/\/www.mindtobody.ch\/#website\"},\"datePublished\":\"2021-01-05T13:26:49+00:00\",\"dateModified\":\"2022-01-26T22:13:24+00:00\",\"inLanguage\":\"de\",\"potentialAction\":[{\"@type\":\"ReadAction\",\"target\":[\"https:\/\/www.mindtobody.ch\/?page_id=35\"]}]}]}<\/script>\r\n<!-- \/ Yoast SEO plugin. -->","_links":{"self":[{"href":"https:\/\/www.mindtobody.ch\/index.php?rest_route=\/wp\/v2\/pages\/35"}],"collection":[{"href":"https:\/\/www.mindtobody.ch\/index.php?rest_route=\/wp\/v2\/pages"}],"about":[{"href":"https:\/\/www.mindtobody.ch\/index.php?rest_route=\/wp\/v2\/types\/page"}],"author":[{"embeddable":true,"href":"https:\/\/www.mindtobody.ch\/index.php?rest_route=\/wp\/v2\/users\/1"}],"replies":[{"embeddable":true,"href":"https:\/\/www.mindtobody.ch\/index.php?rest_route=%2Fwp%2Fv2%2Fcomments&post=35"}],"version-history":[{"count":12,"href":"https:\/\/www.mindtobody.ch\/index.php?rest_route=\/wp\/v2\/pages\/35\/revisions"}],"predecessor-version":[{"id":251,"href":"https:\/\/www.mindtobody.ch\/index.php?rest_route=\/wp\/v2\/pages\/35\/revisions\/251"}],"wp:attachment":[{"href":"https:\/\/www.mindtobody.ch\/index.php?rest_route=%2Fwp%2Fv2%2Fmedia&parent=35"}],"curies":[{"name":"wp","href":"https:\/\/api.w.org\/{rel}","templated":true}]}}