{"id":25,"date":"2021-01-05T13:23:49","date_gmt":"2021-01-05T13:23:49","guid":{"rendered":"https:\/\/www.mindtobody.ch\/?page_id=25"},"modified":"2022-01-23T22:03:46","modified_gmt":"2022-01-23T22:03:46","slug":"startseite","status":"publish","type":"page","link":"https:\/\/www.mindtobody.ch\/","title":{"rendered":"Startseite"},"content":{"rendered":"\r\n<table style=\"height: 252px;\" width=\"924\">\r\n<tbody>\r\n<tr>\r\n<td style=\"text-align: center;\" width=\"307\">Jedes Symptom hat seinen Ursprung in einem Ungleichgewicht im Organismus. Das kann k\u00f6rperlicher oder psychischer Herkunft sein. Deshalb sollte der K\u00f6rper in seiner Selbstheilung und Selbstregulierung unterst\u00fctzt und wieder ins Gleichgewicht gebracht werden.<\/td>\r\n<td width=\"307\"><img loading=\"lazy\" decoding=\"async\" class=\"alignnone  wp-image-106 aligncenter\" src=\"https:\/\/www.mindtobody.ch\/wp-content\/uploads\/2021\/06\/cropped-PXL_20201031_160102488-scaled-1-300x109.jpg\" alt=\"\" width=\"402\" height=\"146\" srcset=\"https:\/\/www.mindtobody.ch\/wp-content\/uploads\/2021\/06\/cropped-PXL_20201031_160102488-scaled-1-300x109.jpg 300w, https:\/\/www.mindtobody.ch\/wp-content\/uploads\/2021\/06\/cropped-PXL_20201031_160102488-scaled-1-1024x373.jpg 1024w, https:\/\/www.mindtobody.ch\/wp-content\/uploads\/2021\/06\/cropped-PXL_20201031_160102488-scaled-1-768x280.jpg 768w, https:\/\/www.mindtobody.ch\/wp-content\/uploads\/2021\/06\/cropped-PXL_20201031_160102488-scaled-1-1536x560.jpg 1536w, https:\/\/www.mindtobody.ch\/wp-content\/uploads\/2021\/06\/cropped-PXL_20201031_160102488-scaled-1-165x60.jpg 165w, https:\/\/www.mindtobody.ch\/wp-content\/uploads\/2021\/06\/cropped-PXL_20201031_160102488-scaled-1.jpg 1920w\" sizes=\"(max-width: 402px) 100vw, 402px\" \/><\/td>\r\n<\/tr>\r\n<\/tbody>\r\n<\/table>\r\n<p>&nbsp;<\/p>\r\n<p>&nbsp;<\/p>\r\n","protected":false},"excerpt":{"rendered":"<p>Jedes Symptom hat seinen Ursprung in einem Ungleichgewicht im Organismus. Das kann k\u00f6rperlicher oder psychischer Herkunft sein. Deshalb sollte der K\u00f6rper in seiner Selbstheilung und Selbstregulierung unterst\u00fctzt und wieder ins Gleichgewicht gebracht werden. &nbsp; &nbsp;<\/p>\n","protected":false},"author":1,"featured_media":0,"parent":0,"menu_order":0,"comment_status":"closed","ping_status":"closed","template":"","meta":{"footnotes":""},"jetpack_sharing_enabled":true,"yoast_head":"<!-- This site is optimized with the Yoast SEO plugin v15.5 - https:\/\/yoast.com\/wordpress\/plugins\/seo\/ -->\r\n<title>Startseite - Mind to Body<\/title>\r\n<meta name=\"robots\" content=\"index, follow, max-snippet:-1, max-image-preview:large, max-video-preview:-1\" \/>\r\n<link rel=\"canonical\" href=\"https:\/\/www.mindtobody.ch\/\" \/>\r\n<meta property=\"og:locale\" content=\"de_DE\" \/>\r\n<meta property=\"og:type\" content=\"article\" \/>\r\n<meta property=\"og:title\" content=\"Startseite - Mind to Body\" \/>\r\n<meta property=\"og:description\" content=\"Jedes Symptom hat seinen Ursprung in einem Ungleichgewicht im Organismus. Das kann k\u00f6rperlicher oder psychischer Herkunft sein. Deshalb sollte der K\u00f6rper in seiner Selbstheilung und Selbstregulierung unterst\u00fctzt und wieder ins Gleichgewicht gebracht werden. &nbsp; &nbsp;\" \/>\r\n<meta property=\"og:url\" content=\"https:\/\/www.mindtobody.ch\/\" \/>\r\n<meta property=\"og:site_name\" content=\"Mind to Body\" \/>\r\n<meta property=\"article:modified_time\" content=\"2022-01-23T22:03:46+00:00\" \/>\r\n<meta property=\"og:image\" content=\"https:\/\/www.mindtobody.ch\/wp-content\/uploads\/2021\/06\/cropped-PXL_20201031_160102488-scaled-1-300x109.jpg\" \/>\r\n<meta name=\"twitter:card\" content=\"summary_large_image\" \/>\r\n<meta name=\"twitter:label1\" content=\"Gesch\u00e4tzte Lesezeit\">\n\t<meta name=\"twitter:data1\" content=\"0\u00a0Minuten\">\r\n<script type=\"application\/ld+json\" class=\"yoast-schema-graph\">{\"@context\":\"https:\/\/schema.org\",\"@graph\":[{\"@type\":\"WebSite\",\"@id\":\"https:\/\/www.mindtobody.ch\/#website\",\"url\":\"https:\/\/www.mindtobody.ch\/\",\"name\":\"Mind to Body\",\"description\":\"Ern\\u00e4hrungs-Psychologische Beratung\",\"potentialAction\":[{\"@type\":\"SearchAction\",\"target\":\"https:\/\/www.mindtobody.ch\/?s={search_term_string}\",\"query-input\":\"required name=search_term_string\"}],\"inLanguage\":\"de\"},{\"@type\":\"ImageObject\",\"@id\":\"https:\/\/www.mindtobody.ch\/#primaryimage\",\"inLanguage\":\"de\",\"url\":\"https:\/\/www.mindtobody.ch\/wp-content\/uploads\/2021\/06\/cropped-PXL_20201031_160102488-scaled-1.jpg\",\"width\":1920,\"height\":700},{\"@type\":\"WebPage\",\"@id\":\"https:\/\/www.mindtobody.ch\/#webpage\",\"url\":\"https:\/\/www.mindtobody.ch\/\",\"name\":\"Startseite - Mind to Body\",\"isPartOf\":{\"@id\":\"https:\/\/www.mindtobody.ch\/#website\"},\"primaryImageOfPage\":{\"@id\":\"https:\/\/www.mindtobody.ch\/#primaryimage\"},\"datePublished\":\"2021-01-05T13:23:49+00:00\",\"dateModified\":\"2022-01-23T22:03:46+00:00\",\"inLanguage\":\"de\",\"potentialAction\":[{\"@type\":\"ReadAction\",\"target\":[\"https:\/\/www.mindtobody.ch\/\"]}]}]}<\/script>\r\n<!-- \/ Yoast SEO plugin. -->","_links":{"self":[{"href":"https:\/\/www.mindtobody.ch\/index.php?rest_route=\/wp\/v2\/pages\/25"}],"collection":[{"href":"https:\/\/www.mindtobody.ch\/index.php?rest_route=\/wp\/v2\/pages"}],"about":[{"href":"https:\/\/www.mindtobody.ch\/index.php?rest_route=\/wp\/v2\/types\/page"}],"author":[{"embeddable":true,"href":"https:\/\/www.mindtobody.ch\/index.php?rest_route=\/wp\/v2\/users\/1"}],"replies":[{"embeddable":true,"href":"https:\/\/www.mindtobody.ch\/index.php?rest_route=%2Fwp%2Fv2%2Fcomments&post=25"}],"version-history":[{"count":10,"href":"https:\/\/www.mindtobody.ch\/index.php?rest_route=\/wp\/v2\/pages\/25\/revisions"}],"predecessor-version":[{"id":209,"href":"https:\/\/www.mindtobody.ch\/index.php?rest_route=\/wp\/v2\/pages\/25\/revisions\/209"}],"wp:attachment":[{"href":"https:\/\/www.mindtobody.ch\/index.php?rest_route=%2Fwp%2Fv2%2Fmedia&parent=25"}],"curies":[{"name":"wp","href":"https:\/\/api.w.org\/{rel}","templated":true}]}}