{"id":167,"date":"2022-01-23T21:27:59","date_gmt":"2022-01-23T21:27:59","guid":{"rendered":"https:\/\/www.mindtobody.ch\/?page_id=167"},"modified":"2023-07-19T21:21:37","modified_gmt":"2023-07-19T21:21:37","slug":"das-ist-ganzheitliche-ernaehrungsberatung","status":"publish","type":"page","link":"https:\/\/www.mindtobody.ch\/?page_id=167","title":{"rendered":"Ganzheitliche Ern\u00e4hrungsberatung"},"content":{"rendered":"<div id=\"comp-knn9n7th\" class=\"_2Hij5\" data-testid=\"richTextElement\">\n<h2 class=\"font_2\"><span class=\"color_13\">Was ist Ganzheitliche Ern\u00e4hrungsberatung?<\/span><\/h2>\n<\/div>\n<div id=\"comp-knn9n7ti1\" class=\"_2Hij5\" data-testid=\"richTextElement\">\n<p>Oft verbinden wir mit einer Ern\u00e4hrungsberatung das Konzept von einem vorgegebenen Ern\u00e4hrungsplan, der strikte eingehalten werden muss, damit der gew\u00fcnschte Erfolg sichtbar wird. Das kann bei manchen Personen sehr gut gehen \u00fcber eine gewisse Zeit. Alles wird sch\u00f6n eingehalten und lauft nach Plan ab. Doch oft kommt fr\u00fcher oder sp\u00e4ter der Zeitpunkt, wo es nicht mehr klappen will. Der Plan kann mit bestem Willen einfach nicht mehr eingehalten werden oder er wird eingehalten doch der Erfolg ist nur gering oder bleibt sogar aus.<\/p>\n<p>Was ist nun passiert? &#8211; Dieses Ph\u00e4nomen l\u00e4sst sich einfach erkl\u00e4ren: Die Konzepte sind auf Disziplin aufgebaut. Disziplin mag einfach sein, wenn alles im K\u00f6rper und in seinem Umfeld im Einklang ist. Der K\u00f6rper wird aber nur zu einem geringen Teil von der Disziplin gesteuert. Viel mehr will unser K\u00f6rper uns in Balance halten und wenn m\u00f6glich alles irgendwie ausgleichen.<\/p>\n<p>So kommt es, dass unser K\u00f6rper &#8222;Hunger&#8220; hat, aber eben vielleicht nicht nach Nahrung im eigentlichen Sinn, sondern sich nach einem anderen Bed\u00fcrfnis sehnt wie zum Beispiel weniger Stress, mehr Schlaf ect.<\/p>\n<p>Diese Bed\u00fcrfnisse spielen neben einer gesunden und optimalen Ern\u00e4hrung eine grosse Rolle in der ganzheitlichen Ern\u00e4hrungsberatung. Neben den individuellen Bed\u00fcrfnisse sind die psycho-sozialen Aspekte ein weiteres Kernthema einer ganzheitlichen Ern\u00e4hrungsberatung.<\/p>\n<p><strong>In der ganzheitlichen Ern\u00e4hrungsberatung wird also auf den Menschen als Individuum und aber auf sein Lebensumfeld eingegangen. Der K\u00f6rper wird in all seinen Dimensionen ins Gleichgewicht gebracht. Es werden Ressourcen bewusst gemacht und gest\u00e4rkt. Frei von Di\u00e4ten und Verboten wird der nat\u00fcrliche Umgang mit dem Thema Ern\u00e4hrung (wieder) erlernt.<\/strong><\/p>\n<\/div>\n<div id=\"comp-knn9n7ub1\" class=\"_2Hij5\" data-testid=\"richTextElement\">\n<h2 class=\"font_8\"><span class=\"wixGuard\">\u200bIch berate nach der IKP Methode. Was ist das genau?<\/span><\/h2>\n<p>Der ern\u00e4hrungsberatungs Ansatz nach IKP, dem Institut f\u00fcr K\u00f6rperzentrierte Psychotherapie, unterscheidet sich von klassischer Ern\u00e4hrungsberatung durch seinen ganzheitlichen Ansatz. W\u00e4hrend herk\u00f6mmliche Konzepte haupts\u00e4chlich auf Ern\u00e4hrungsumstellungen abzielen und andere Aspekte vernachl\u00e4ssigen, betrachtet der IKP-Ansatz die Nahrungsauswahl und das Essverhalten in Verbindung mit allen anderen Lebensbereichen.<\/p>\n<p>Der IKP-Ansatz erkennt an, dass Menschen versuchen, Ungleichgewichte in ihrer Lebensweise auszugleichen. Essen kann dabei als Ersatz dienen, um beispielsweise soziale Kontakte oder sinnliche Erfahrungen zu kompensieren. Jedoch ist dies auf lange Sicht kein idealer Weg, um Defizite auszugleichen. Daher betrachtet die Ern\u00e4hrungsberatung nach IKP auch seelisches und beziehungsm\u00e4\u00dfiges Erleben, K\u00f6rpererleben, Bewegungstraining und spirituelle Aspekte als m\u00f6gliche Einflussfaktoren auf Ern\u00e4hrungs- oder Essst\u00f6rungen.<\/p>\n<p>Durch die Einbeziehung aller Lebensdimensionen in die Ern\u00e4hrungsberatung f\u00f6rdert der IKP-Ansatz das ganzheitliche Gesundsein. Dies unterst\u00fctzt die Klientinnen und Klienten bei den notwendigen Umstellungen im Ern\u00e4hrungsbereich. Gleichzeitig legt der Ansatz eine psychologisch-ganzheitliche Grundlage, die dazu bef\u00e4higt, die erreichten Ver\u00e4nderungen langfristig aufrechtzuerhalten und sich insgesamt wohler zu f\u00fchlen.<\/p>\n<p>Im Gegensatz zu anderen Ans\u00e4tzen sind die vorgeschlagenen Ma\u00dfnahmen der IKP-Ern\u00e4hrungsberatung nicht zu einschneidend, sondern werden den individuellen Lebensumst\u00e4nden der Klientinnen und Klienten angepasst. In der Ausbildung &#8222;Ern\u00e4hrungs-Psychologische Beratung IKP&#8220; erlernen die Studierenden die notwendigen Grundlagen f\u00fcr eine umfassende Ern\u00e4hrungsberatung nach diesem ganzheitlichen Ansatz.<\/p>\n<\/div>\n","protected":false},"excerpt":{"rendered":"<p>Was ist Ganzheitliche Ern\u00e4hrungsberatung? Oft verbinden wir mit einer Ern\u00e4hrungsberatung das Konzept von einem vorgegebenen Ern\u00e4hrungsplan, der strikte eingehalten werden muss, damit der gew\u00fcnschte Erfolg sichtbar wird. Das kann bei manchen Personen sehr gut gehen \u00fcber eine gewisse Zeit. Alles wird sch\u00f6n eingehalten und lauft nach Plan ab. Doch oft kommt fr\u00fcher oder sp\u00e4ter der &hellip; <\/p>\n","protected":false},"author":1,"featured_media":110,"parent":0,"menu_order":0,"comment_status":"closed","ping_status":"closed","template":"","meta":{"footnotes":""},"jetpack_sharing_enabled":true,"yoast_head":"<!-- This site is optimized with the Yoast SEO plugin v15.5 - https:\/\/yoast.com\/wordpress\/plugins\/seo\/ -->\r\n<title>Ganzheitliche Ern\u00e4hrungsberatung - Mind to Body<\/title>\r\n<meta name=\"robots\" content=\"index, follow, max-snippet:-1, max-image-preview:large, max-video-preview:-1\" \/>\r\n<link rel=\"canonical\" href=\"https:\/\/www.mindtobody.ch\/?page_id=167\" \/>\r\n<meta property=\"og:locale\" content=\"de_DE\" \/>\r\n<meta property=\"og:type\" content=\"article\" \/>\r\n<meta property=\"og:title\" content=\"Ganzheitliche Ern\u00e4hrungsberatung - Mind to Body\" \/>\r\n<meta property=\"og:description\" content=\"Was ist Ganzheitliche Ern\u00e4hrungsberatung? Oft verbinden wir mit einer Ern\u00e4hrungsberatung das Konzept von einem vorgegebenen Ern\u00e4hrungsplan, der strikte eingehalten werden muss, damit der gew\u00fcnschte Erfolg sichtbar wird. Das kann bei manchen Personen sehr gut gehen \u00fcber eine gewisse Zeit. Alles wird sch\u00f6n eingehalten und lauft nach Plan ab. Doch oft kommt fr\u00fcher oder sp\u00e4ter der &hellip;\" \/>\r\n<meta property=\"og:url\" content=\"https:\/\/www.mindtobody.ch\/?page_id=167\" \/>\r\n<meta property=\"og:site_name\" content=\"Mind to Body\" \/>\r\n<meta property=\"article:modified_time\" content=\"2023-07-19T21:21:37+00:00\" \/>\r\n<meta property=\"og:image\" content=\"https:\/\/www.mindtobody.ch\/wp-content\/uploads\/2021\/06\/cropped-9cd365_f3903f4d3fda462c9f3f0e872d6b2e16_mv2.jpg\" \/>\r\n\t<meta property=\"og:image:width\" content=\"1920\" \/>\r\n\t<meta property=\"og:image:height\" content=\"700\" \/>\r\n<meta name=\"twitter:card\" content=\"summary_large_image\" \/>\r\n<meta name=\"twitter:label1\" content=\"Gesch\u00e4tzte Lesezeit\">\n\t<meta name=\"twitter:data1\" content=\"2\u00a0Minuten\">\r\n<script type=\"application\/ld+json\" class=\"yoast-schema-graph\">{\"@context\":\"https:\/\/schema.org\",\"@graph\":[{\"@type\":\"WebSite\",\"@id\":\"https:\/\/www.mindtobody.ch\/#website\",\"url\":\"https:\/\/www.mindtobody.ch\/\",\"name\":\"Mind to Body\",\"description\":\"Ern\\u00e4hrungs-Psychologische Beratung\",\"potentialAction\":[{\"@type\":\"SearchAction\",\"target\":\"https:\/\/www.mindtobody.ch\/?s={search_term_string}\",\"query-input\":\"required name=search_term_string\"}],\"inLanguage\":\"de\"},{\"@type\":\"ImageObject\",\"@id\":\"https:\/\/www.mindtobody.ch\/?page_id=167#primaryimage\",\"inLanguage\":\"de\",\"url\":\"https:\/\/www.mindtobody.ch\/wp-content\/uploads\/2021\/06\/cropped-9cd365_f3903f4d3fda462c9f3f0e872d6b2e16_mv2.jpg\",\"width\":1920,\"height\":700},{\"@type\":\"WebPage\",\"@id\":\"https:\/\/www.mindtobody.ch\/?page_id=167#webpage\",\"url\":\"https:\/\/www.mindtobody.ch\/?page_id=167\",\"name\":\"Ganzheitliche Ern\\u00e4hrungsberatung - Mind to Body\",\"isPartOf\":{\"@id\":\"https:\/\/www.mindtobody.ch\/#website\"},\"primaryImageOfPage\":{\"@id\":\"https:\/\/www.mindtobody.ch\/?page_id=167#primaryimage\"},\"datePublished\":\"2022-01-23T21:27:59+00:00\",\"dateModified\":\"2023-07-19T21:21:37+00:00\",\"inLanguage\":\"de\",\"potentialAction\":[{\"@type\":\"ReadAction\",\"target\":[\"https:\/\/www.mindtobody.ch\/?page_id=167\"]}]}]}<\/script>\r\n<!-- \/ Yoast SEO plugin. -->","_links":{"self":[{"href":"https:\/\/www.mindtobody.ch\/index.php?rest_route=\/wp\/v2\/pages\/167"}],"collection":[{"href":"https:\/\/www.mindtobody.ch\/index.php?rest_route=\/wp\/v2\/pages"}],"about":[{"href":"https:\/\/www.mindtobody.ch\/index.php?rest_route=\/wp\/v2\/types\/page"}],"author":[{"embeddable":true,"href":"https:\/\/www.mindtobody.ch\/index.php?rest_route=\/wp\/v2\/users\/1"}],"replies":[{"embeddable":true,"href":"https:\/\/www.mindtobody.ch\/index.php?rest_route=%2Fwp%2Fv2%2Fcomments&post=167"}],"version-history":[{"count":13,"href":"https:\/\/www.mindtobody.ch\/index.php?rest_route=\/wp\/v2\/pages\/167\/revisions"}],"predecessor-version":[{"id":393,"href":"https:\/\/www.mindtobody.ch\/index.php?rest_route=\/wp\/v2\/pages\/167\/revisions\/393"}],"wp:featuredmedia":[{"embeddable":true,"href":"https:\/\/www.mindtobody.ch\/index.php?rest_route=\/wp\/v2\/media\/110"}],"wp:attachment":[{"href":"https:\/\/www.mindtobody.ch\/index.php?rest_route=%2Fwp%2Fv2%2Fmedia&parent=167"}],"curies":[{"name":"wp","href":"https:\/\/api.w.org\/{rel}","templated":true}]}}